{"id":3195,"date":"2025-01-15T13:20:36","date_gmt":"2025-01-15T12:20:36","guid":{"rendered":"https:\/\/protectreuhand.ch\/relaunch\/?page_id=3195"},"modified":"2025-01-28T09:16:38","modified_gmt":"2025-01-28T08:16:38","slug":"startuphelfer","status":"publish","type":"page","link":"https:\/\/protectreuhand.ch\/en\/startuphelfer\/","title":{"rendered":"Start-Up Assistance"},"content":{"rendered":"<div data-elementor-type=\"wp-page\" data-elementor-id=\"3195\" class=\"elementor elementor-3195\" data-elementor-post-type=\"page\">\n\t\t\t\t<div class=\"elementor-element elementor-element-6bd3f37c e-flex e-con-boxed e-con e-parent\" data-id=\"6bd3f37c\" data-element_type=\"container\" data-e-type=\"container\" data-settings=\"{&quot;background_background&quot;:&quot;classic&quot;}\">\n\t\t\t\t\t<div class=\"e-con-inner\">\n\t\t<div class=\"elementor-element elementor-element-428d8abb e-flex e-con-boxed e-con e-child\" data-id=\"428d8abb\" data-element_type=\"container\" data-e-type=\"container\">\n\t\t\t\t\t<div class=\"e-con-inner\">\n\t\t\t\t<div class=\"elementor-element elementor-element-a7764fa elementor-view-default elementor-widget elementor-widget-icon\" data-id=\"a7764fa\" data-element_type=\"widget\" data-e-type=\"widget\" data-widget_type=\"icon.default\">\n\t\t\t\t<div class=\"elementor-widget-container\">\n\t\t\t\t\t\t\t<div class=\"elementor-icon-wrapper\">\n\t\t\t<div class=\"elementor-icon\">\n\t\t\t<svg xmlns=\"http:\/\/www.w3.org\/2000\/svg\" height=\"512\" viewbox=\"0 0 128 128\" width=\"512\"><g><path d=\"m101.32 24.3h-15.6v-5.42a1.75 1.75 0 0 0 -1.75-1.75h-8.609a12.435 12.435 0 0 0 -22.722 0h-8.609a1.749 1.749 0 0 0 -1.75 1.75v5.42h-15.6a1.749 1.749 0 0 0 -1.75 1.75v89.681a1.75 1.75 0 0 0 1.75 1.75h74.64a1.75 1.75 0 0 0 1.75-1.75v-89.681a1.749 1.749 0 0 0 -1.75-1.75zm-55.54-3.67h8.06a1.75 1.75 0 0 0 1.66-1.209 8.934 8.934 0 0 1 16.992 0 1.749 1.749 0 0 0 1.668 1.209h8.06v8.62h-36.44zm53.79 93.351h-71.14v-86.181h13.85v3.2a1.749 1.749 0 0 0 1.75 1.75h39.94a1.75 1.75 0 0 0 1.75-1.75v-3.2h13.85z\"><\/path><path d=\"m64 52a1.75 1.75 0 0 0 0 3.5h25.25a1.75 1.75 0 0 0 0-3.5z\"><\/path><path d=\"m52.121 46.716-9.679 8.965-2.812-3.106a1.75 1.75 0 1 0 -2.594 2.35l4 4.417a1.745 1.745 0 0 0 1.22.573h.077a1.75 1.75 0 0 0 1.189-.466l10.978-10.165a1.75 1.75 0 1 0 -2.379-2.568z\"><\/path><path d=\"m89.25 73.14h-25.25a1.75 1.75 0 1 0 0 3.5h25.25a1.75 1.75 0 0 0 0-3.5z\"><\/path><path d=\"m52.121 67.856-9.679 8.964-2.812-3.1a1.75 1.75 0 1 0 -2.594 2.35l4 4.416a1.75 1.75 0 0 0 1.22.574h.077a1.75 1.75 0 0 0 1.189-.466l10.978-10.17a1.75 1.75 0 1 0 -2.379-2.568z\"><\/path><path d=\"m89.25 94.28h-25.25a1.75 1.75 0 0 0 0 3.5h25.25a1.75 1.75 0 0 0 0-3.5z\"><\/path><path d=\"m52.121 89-9.679 8.965-2.812-3.109a1.75 1.75 0 0 0 -2.594 2.349l4 4.417a1.745 1.745 0 0 0 1.22.573h.077a1.75 1.75 0 0 0 1.189-.466l10.978-10.164a1.751 1.751 0 1 0 -2.379-2.565z\"><\/path><\/g><\/svg>\t\t\t<\/div>\n\t\t<\/div>\n\t\t\t\t\t\t<\/div>\n\t\t\t\t<\/div>\n\t\t\t\t<div class=\"elementor-element elementor-element-117237a6 elementor-widget elementor-widget-heading\" data-id=\"117237a6\" data-element_type=\"widget\" data-e-type=\"widget\" data-widget_type=\"heading.default\">\n\t\t\t\t<div class=\"elementor-widget-container\">\n\t\t\t\t\t<h2 class=\"elementor-heading-title elementor-size-default\">Start-Up Assistance<\/h2>\t\t\t\t<\/div>\n\t\t\t\t<\/div>\n\t\t\t\t\t<\/div>\n\t\t\t\t<\/div>\n\t\t\t\t\t<\/div>\n\t\t\t\t<\/div>\n\t\t<div class=\"elementor-element elementor-element-58f13d45 e-con-full e-flex e-con e-parent\" data-id=\"58f13d45\" data-element_type=\"container\" data-e-type=\"container\">\n\t\t<div class=\"elementor-element elementor-element-7af1eb45 e-flex e-con-boxed e-con e-child\" data-id=\"7af1eb45\" data-element_type=\"container\" data-e-type=\"container\">\n\t\t\t\t\t<div class=\"e-con-inner\">\n\t\t<div class=\"elementor-element elementor-element-7fc3bf21 e-con-full e-flex e-con e-child\" data-id=\"7fc3bf21\" data-element_type=\"container\" data-e-type=\"container\">\n\t\t<div class=\"elementor-element elementor-element-72f8685b e-con-full e-flex e-con e-child\" data-id=\"72f8685b\" data-element_type=\"container\" data-e-type=\"container\">\n\t\t\t\t<div class=\"elementor-element elementor-element-215fd522 elementor-widget elementor-widget-heading\" data-id=\"215fd522\" data-element_type=\"widget\" data-e-type=\"widget\" data-widget_type=\"heading.default\">\n\t\t\t\t<div class=\"elementor-widget-container\">\n\t\t\t\t\t<h2 class=\"elementor-heading-title elementor-size-default\">Your path to self-employment \u2013 with us by your side<\/h2>\t\t\t\t<\/div>\n\t\t\t\t<\/div>\n\t\t\t\t<\/div>\n\t\t\t\t<\/div>\n\t\t<div class=\"elementor-element elementor-element-18942f07 e-con-full e-flex e-con e-child\" data-id=\"18942f07\" data-element_type=\"container\" data-e-type=\"container\">\n\t\t<div class=\"elementor-element elementor-element-7ee96ff e-con-full e-flex e-con e-child\" data-id=\"7ee96ff\" data-element_type=\"container\" data-e-type=\"container\">\n\t\t\t\t<div class=\"elementor-element elementor-element-4582b818 elementor-widget elementor-widget-text-editor\" data-id=\"4582b818\" data-element_type=\"widget\" data-e-type=\"widget\" data-widget_type=\"text-editor.default\">\n\t\t\t\t<div class=\"elementor-widget-container\">\n\t\t\t\t\t\t\t\t\t<p>The journey into self-employment is exciting and full of opportunities \u2013 we\u2019ll accompany you to ensure a smooth startup. With over 10 years of experience and many successfully guided businesses, we\u2019ll make sure your launch is a success. We stand by you as a strong partner and help you turn your business idea into reality.<br><br><\/p>\n<p>Whether it's choosing a legal structure, dealing with legal and administrative aspects, or registering for VAT \u2013 we\u2019ll guide you step by step. With our support, you can focus entirely on your vision.<\/p>\t\t\t\t\t\t\t\t<\/div>\n\t\t\t\t<\/div>\n\t\t\t\t<\/div>\n\t\t<div class=\"elementor-element elementor-element-f17fca8 e-con-full e-flex e-con e-child\" data-id=\"f17fca8\" data-element_type=\"container\" data-e-type=\"container\">\n\t\t\t\t<div class=\"elementor-element elementor-element-11d97045 elementor-widget elementor-widget-text-editor\" data-id=\"11d97045\" data-element_type=\"widget\" data-e-type=\"widget\" data-widget_type=\"text-editor.default\">\n\t\t\t\t<div class=\"elementor-widget-container\">\n\t\t\t\t\t\t\t\t\t<p><strong>Our services at a glance:<\/strong><\/p>\t\t\t\t\t\t\t\t<\/div>\n\t\t\t\t<\/div>\n\t\t\t\t<div class=\"elementor-element elementor-element-690b3638 elementor-align-start elementor-icon-list--layout-traditional elementor-list-item-link-full_width elementor-widget elementor-widget-icon-list\" data-id=\"690b3638\" data-element_type=\"widget\" data-e-type=\"widget\" data-widget_type=\"icon-list.default\">\n\t\t\t\t<div class=\"elementor-widget-container\">\n\t\t\t\t\t\t\t<ul class=\"elementor-icon-list-items\">\n\t\t\t\t\t\t\t<li class=\"elementor-icon-list-item\">\n\t\t\t\t\t\t\t\t\t\t\t<span class=\"elementor-icon-list-icon\">\n\t\t\t\t\t\t\t<svg aria-hidden=\"true\" class=\"e-font-icon-svg e-fas-square-full\" viewbox=\"0 0 512 512\" xmlns=\"http:\/\/www.w3.org\/2000\/svg\"><path d=\"M512 512H0V0h512v512z\"><\/path><\/svg>\t\t\t\t\t\t<\/span>\n\t\t\t\t\t\t\t\t\t\t<span class=\"elementor-icon-list-text\"><strong>Choosing a legal structure:<\/strong> Sole proprietorship, GmbH, or AG \u2013 we offer comprehensive advice.<\/span>\n\t\t\t\t\t\t\t\t\t<\/li>\n\t\t\t\t\t\t\t\t<li class=\"elementor-icon-list-item\">\n\t\t\t\t\t\t\t\t\t\t\t<span class=\"elementor-icon-list-icon\">\n\t\t\t\t\t\t\t<svg aria-hidden=\"true\" class=\"e-font-icon-svg e-fas-square-full\" viewbox=\"0 0 512 512\" xmlns=\"http:\/\/www.w3.org\/2000\/svg\"><path d=\"M512 512H0V0h512v512z\"><\/path><\/svg>\t\t\t\t\t\t<\/span>\n\t\t\t\t\t\t\t\t\t\t<span class=\"elementor-icon-list-text\"><strong>Drafting the articles of incorporation:<\/strong> We help you create the foundation for your company.<\/span>\n\t\t\t\t\t\t\t\t\t<\/li>\n\t\t\t\t\t\t\t\t<li class=\"elementor-icon-list-item\">\n\t\t\t\t\t\t\t\t\t\t\t<span class=\"elementor-icon-list-icon\">\n\t\t\t\t\t\t\t<svg aria-hidden=\"true\" class=\"e-font-icon-svg e-fas-square-full\" viewbox=\"0 0 512 512\" xmlns=\"http:\/\/www.w3.org\/2000\/svg\"><path d=\"M512 512H0V0h512v512z\"><\/path><\/svg>\t\t\t\t\t\t<\/span>\n\t\t\t\t\t\t\t\t\t\t<span class=\"elementor-icon-list-text\"><strong>Commercial register entry:<\/strong> We handle all necessary formalities.<\/span>\n\t\t\t\t\t\t\t\t\t<\/li>\n\t\t\t\t\t\t\t\t<li class=\"elementor-icon-list-item\">\n\t\t\t\t\t\t\t\t\t\t\t<span class=\"elementor-icon-list-icon\">\n\t\t\t\t\t\t\t<svg aria-hidden=\"true\" class=\"e-font-icon-svg e-fas-square-full\" viewbox=\"0 0 512 512\" xmlns=\"http:\/\/www.w3.org\/2000\/svg\"><path d=\"M512 512H0V0h512v512z\"><\/path><\/svg>\t\t\t\t\t\t<\/span>\n\t\t\t\t\t\t\t\t\t\t<span class=\"elementor-icon-list-text\"><strong>Insurance consulting:<\/strong> We show you which insurances are truly important.<\/span>\n\t\t\t\t\t\t\t\t\t<\/li>\n\t\t\t\t\t\t\t\t<li class=\"elementor-icon-list-item\">\n\t\t\t\t\t\t\t\t\t\t\t<span class=\"elementor-icon-list-icon\">\n\t\t\t\t\t\t\t<svg aria-hidden=\"true\" class=\"e-font-icon-svg e-fas-square-full\" viewbox=\"0 0 512 512\" xmlns=\"http:\/\/www.w3.org\/2000\/svg\"><path d=\"M512 512H0V0h512v512z\"><\/path><\/svg>\t\t\t\t\t\t<\/span>\n\t\t\t\t\t\t\t\t\t\t<span class=\"elementor-icon-list-text\"><strong>VAT registration:<\/strong> Efficient and tax-optimized handling.<\/span>\n\t\t\t\t\t\t\t\t\t<\/li>\n\t\t\t\t\t\t<\/ul>\n\t\t\t\t\t\t<\/div>\n\t\t\t\t<\/div>\n\t\t\t\t<div class=\"elementor-element elementor-element-a06bae0 elementor-widget elementor-widget-text-editor\" data-id=\"a06bae0\" data-element_type=\"widget\" data-e-type=\"widget\" data-widget_type=\"text-editor.default\">\n\t\t\t\t<div class=\"elementor-widget-container\">\n\t\t\t\t\t\t\t\t\t<p><strong>Why Protec Treuhand?<\/strong><\/p>\t\t\t\t\t\t\t\t<\/div>\n\t\t\t\t<\/div>\n\t\t\t\t<div class=\"elementor-element elementor-element-b6f9514 elementor-align-start elementor-icon-list--layout-traditional elementor-list-item-link-full_width elementor-widget elementor-widget-icon-list\" data-id=\"b6f9514\" data-element_type=\"widget\" data-e-type=\"widget\" data-widget_type=\"icon-list.default\">\n\t\t\t\t<div class=\"elementor-widget-container\">\n\t\t\t\t\t\t\t<ul class=\"elementor-icon-list-items\">\n\t\t\t\t\t\t\t<li class=\"elementor-icon-list-item\">\n\t\t\t\t\t\t\t\t\t\t\t<span class=\"elementor-icon-list-icon\">\n\t\t\t\t\t\t\t<svg aria-hidden=\"true\" class=\"e-font-icon-svg e-fas-square-full\" viewbox=\"0 0 512 512\" xmlns=\"http:\/\/www.w3.org\/2000\/svg\"><path d=\"M512 512H0V0h512v512z\"><\/path><\/svg>\t\t\t\t\t\t<\/span>\n\t\t\t\t\t\t\t\t\t\t<span class=\"elementor-icon-list-text\"><strong>We relieve you of the burden:<\/strong> So you can focus on your core business.<\/span>\n\t\t\t\t\t\t\t\t\t<\/li>\n\t\t\t\t\t\t\t\t<li class=\"elementor-icon-list-item\">\n\t\t\t\t\t\t\t\t\t\t\t<span class=\"elementor-icon-list-icon\">\n\t\t\t\t\t\t\t<svg aria-hidden=\"true\" class=\"e-font-icon-svg e-fas-square-full\" viewbox=\"0 0 512 512\" xmlns=\"http:\/\/www.w3.org\/2000\/svg\"><path d=\"M512 512H0V0h512v512z\"><\/path><\/svg>\t\t\t\t\t\t<\/span>\n\t\t\t\t\t\t\t\t\t\t<span class=\"elementor-icon-list-text\"><strong>We secure your compliance:<\/strong> Our expertise ensures all legal requirements are met.<\/span>\n\t\t\t\t\t\t\t\t\t<\/li>\n\t\t\t\t\t\t\t\t<li class=\"elementor-icon-list-item\">\n\t\t\t\t\t\t\t\t\t\t\t<span class=\"elementor-icon-list-icon\">\n\t\t\t\t\t\t\t<svg aria-hidden=\"true\" class=\"e-font-icon-svg e-fas-square-full\" viewbox=\"0 0 512 512\" xmlns=\"http:\/\/www.w3.org\/2000\/svg\"><path d=\"M512 512H0V0h512v512z\"><\/path><\/svg>\t\t\t\t\t\t<\/span>\n\t\t\t\t\t\t\t\t\t\t<span class=\"elementor-icon-list-text\"><strong>We bring experience:<\/strong> Benefit from over 10 years of startup consulting and tailored solutions.<\/span>\n\t\t\t\t\t\t\t\t\t<\/li>\n\t\t\t\t\t\t<\/ul>\n\t\t\t\t\t\t<\/div>\n\t\t\t\t<\/div>\n\t\t\t\t<\/div>\n\t\t\t\t<\/div>\n\t\t\t\t\t<\/div>\n\t\t\t\t<\/div>\n\t\t\t\t<\/div>\n\t\t<div class=\"elementor-element elementor-element-17dcba55 e-con-full e-flex e-con e-parent\" data-id=\"17dcba55\" data-element_type=\"container\" data-e-type=\"container\">\n\t\t<div class=\"elementor-element elementor-element-2eeee3bc e-flex e-con-boxed e-con e-child\" data-id=\"2eeee3bc\" data-element_type=\"container\" data-e-type=\"container\" data-settings=\"{&quot;background_background&quot;:&quot;classic&quot;}\">\n\t\t\t\t\t<div class=\"e-con-inner\">\n\t\t<div class=\"elementor-element elementor-element-43fc8457 e-con-full e-flex e-con e-child\" data-id=\"43fc8457\" data-element_type=\"container\" data-e-type=\"container\" data-settings=\"{&quot;background_background&quot;:&quot;classic&quot;}\">\n\t\t\t\t<div class=\"elementor-element elementor-element-99378b0 elementor-widget elementor-widget-heading\" data-id=\"99378b0\" data-element_type=\"widget\" data-e-type=\"widget\" data-widget_type=\"heading.default\">\n\t\t\t\t<div class=\"elementor-widget-container\">\n\t\t\t\t\t<h2 class=\"elementor-heading-title elementor-size-default\">Interested?<\/h2>\t\t\t\t<\/div>\n\t\t\t\t<\/div>\n\t\t\t\t<div class=\"elementor-element elementor-element-17f4fe08 elementor-widget elementor-widget-heading\" data-id=\"17f4fe08\" data-element_type=\"widget\" data-e-type=\"widget\" data-widget_type=\"heading.default\">\n\t\t\t\t<div class=\"elementor-widget-container\">\n\t\t\t\t\t<h3 class=\"elementor-heading-title elementor-size-default\">Contact us \u2013 we look forward to bringing your idea to success together!<\/h3>\t\t\t\t<\/div>\n\t\t\t\t<\/div>\n\t\t<div class=\"elementor-element elementor-element-edaee3b e-con-full e-flex e-con e-child\" data-id=\"edaee3b\" data-element_type=\"container\" data-e-type=\"container\">\n\t\t\t\t<div class=\"elementor-element elementor-element-28f495da elementor-mobile-align-justify elementor-widget-mobile__width-inherit elementor-widget elementor-widget-button\" data-id=\"28f495da\" data-element_type=\"widget\" data-e-type=\"widget\" data-widget_type=\"button.default\">\n\t\t\t\t<div class=\"elementor-widget-container\">\n\t\t\t\t\t\t\t\t\t<div class=\"elementor-button-wrapper\">\n\t\t\t\t\t<a class=\"elementor-button elementor-button-link elementor-size-sm\" href=\"tel:+41443030180\">\n\t\t\t\t\t\t<span class=\"elementor-button-content-wrapper\">\n\t\t\t\t\t\t\t\t\t<span class=\"elementor-button-text\">+41 44 303 01 80<\/span>\n\t\t\t\t\t<\/span>\n\t\t\t\t\t<\/a>\n\t\t\t\t<\/div>\n\t\t\t\t\t\t\t\t<\/div>\n\t\t\t\t<\/div>\n\t\t\t\t<div class=\"elementor-element elementor-element-1dedc764 elementor-mobile-align-justify elementor-widget-mobile__width-inherit elementor-widget elementor-widget-button\" data-id=\"1dedc764\" data-element_type=\"widget\" data-e-type=\"widget\" data-widget_type=\"button.default\">\n\t\t\t\t<div class=\"elementor-widget-container\">\n\t\t\t\t\t\t\t\t\t<div class=\"elementor-button-wrapper\">\n\t\t\t\t\t<a class=\"elementor-button elementor-button-link elementor-size-sm\" href=\"mailto:info@protectreuhand.ch\">\n\t\t\t\t\t\t<span class=\"elementor-button-content-wrapper\">\n\t\t\t\t\t\t\t\t\t<span class=\"elementor-button-text\">Contact<\/span>\n\t\t\t\t\t<\/span>\n\t\t\t\t\t<\/a>\n\t\t\t\t<\/div>\n\t\t\t\t\t\t\t\t<\/div>\n\t\t\t\t<\/div>\n\t\t\t\t<\/div>\n\t\t\t\t<\/div>\n\t\t\t\t\t<\/div>\n\t\t\t\t<\/div>\n\t\t\t\t<\/div>\n\t\t\t\t<\/div>","protected":false},"excerpt":{"rendered":"<p>Ihr Start in die Selbst\u00e4ndigkeit \u2013 mit uns an Ihrer Seite Der Weg in die Selbst\u00e4ndigkeit ist aufregend und voller M\u00f6glichkeiten \u2013 wir begleiten Sie, damit Ihre Gr\u00fcndung reibungslos gelingt. Mit \u00fcber 10 Jahren Erfahrung und zahlreichen erfolgreich begleiteten Gr\u00fcndungen sorgen wir daf\u00fcr, dass Ihr Start ein Erfolg wird. Wir stehen Ihnen als starker Partner [&hellip;]<\/p>\n","protected":false},"author":1,"featured_media":0,"parent":0,"menu_order":0,"comment_status":"closed","ping_status":"closed","template":"elementor_header_footer","meta":{"site-sidebar-layout":"no-sidebar","site-content-layout":"page-builder","ast-site-content-layout":"full-width-container","site-content-style":"unboxed","site-sidebar-style":"unboxed","ast-global-header-display":"","ast-banner-title-visibility":"","ast-main-header-display":"","ast-hfb-above-header-display":"","ast-hfb-below-header-display":"","ast-hfb-mobile-header-display":"","site-post-title":"disabled","ast-breadcrumbs-content":"","ast-featured-img":"disabled","footer-sml-layout":"","ast-disable-related-posts":"","theme-transparent-header-meta":"default","adv-header-id-meta":"","stick-header-meta":"","header-above-stick-meta":"","header-main-stick-meta":"","header-below-stick-meta":"","astra-migrate-meta-layouts":"set","ast-page-background-enabled":"default","ast-page-background-meta":{"desktop":{"background-color":"var(--ast-global-color-4)","background-image":"","background-repeat":"repeat","background-position":"center center","background-size":"auto","background-attachment":"scroll","background-type":"","background-media":"","overlay-type":"","overlay-color":"","overlay-opacity":"","overlay-gradient":""},"tablet":{"background-color":"","background-image":"","background-repeat":"repeat","background-position":"center center","background-size":"auto","background-attachment":"scroll","background-type":"","background-media":"","overlay-type":"","overlay-color":"","overlay-opacity":"","overlay-gradient":""},"mobile":{"background-color":"","background-image":"","background-repeat":"repeat","background-position":"center center","background-size":"auto","background-attachment":"scroll","background-type":"","background-media":"","overlay-type":"","overlay-color":"","overlay-opacity":"","overlay-gradient":""}},"ast-content-background-meta":{"desktop":{"background-color":"var(--ast-global-color-5)","background-image":"","background-repeat":"repeat","background-position":"center center","background-size":"auto","background-attachment":"scroll","background-type":"","background-media":"","overlay-type":"","overlay-color":"","overlay-opacity":"","overlay-gradient":""},"tablet":{"background-color":"var(--ast-global-color-5)","background-image":"","background-repeat":"repeat","background-position":"center center","background-size":"auto","background-attachment":"scroll","background-type":"","background-media":"","overlay-type":"","overlay-color":"","overlay-opacity":"","overlay-gradient":""},"mobile":{"background-color":"var(--ast-global-color-5)","background-image":"","background-repeat":"repeat","background-position":"center center","background-size":"auto","background-attachment":"scroll","background-type":"","background-media":"","overlay-type":"","overlay-color":"","overlay-opacity":"","overlay-gradient":""}},"footnotes":""},"class_list":["post-3195","page","type-page","status-publish","hentry"],"yoast_head":"<!-- This site is optimized with the Yoast SEO plugin v27.4 - https:\/\/yoast.com\/product\/yoast-seo-wordpress\/ -->\n<title>Startuphelfer - Protec Treuhand<\/title>\n<meta name=\"robots\" content=\"index, follow, max-snippet:-1, max-image-preview:large, max-video-preview:-1\" \/>\n<link rel=\"canonical\" href=\"https:\/\/protectreuhand.ch\/en\/startuphelfer\/\" \/>\n<meta property=\"og:locale\" content=\"en_GB\" \/>\n<meta property=\"og:type\" content=\"article\" \/>\n<meta property=\"og:title\" content=\"Startuphelfer - Protec Treuhand\" \/>\n<meta property=\"og:description\" content=\"Ihr Start in die Selbst\u00e4ndigkeit \u2013 mit uns an Ihrer Seite Der Weg in die Selbst\u00e4ndigkeit ist aufregend und voller M\u00f6glichkeiten \u2013 wir begleiten Sie, damit Ihre Gr\u00fcndung reibungslos gelingt. Mit \u00fcber 10 Jahren Erfahrung und zahlreichen erfolgreich begleiteten Gr\u00fcndungen sorgen wir daf\u00fcr, dass Ihr Start ein Erfolg wird. Wir stehen Ihnen als starker Partner [&hellip;]\" \/>\n<meta property=\"og:url\" content=\"https:\/\/protectreuhand.ch\/en\/startuphelfer\/\" \/>\n<meta property=\"og:site_name\" content=\"Protec Treuhand\" \/>\n<meta property=\"article:modified_time\" content=\"2025-01-28T08:16:38+00:00\" \/>\n<meta name=\"twitter:card\" content=\"summary_large_image\" \/>\n<meta name=\"twitter:label1\" content=\"Estimated reading time\" \/>\n\t<meta name=\"twitter:data1\" content=\"1 minute\" \/>\n<script type=\"application\/ld+json\" class=\"yoast-schema-graph\">{\"@context\":\"https:\\\/\\\/schema.org\",\"@graph\":[{\"@type\":\"WebPage\",\"@id\":\"https:\\\/\\\/protectreuhand.ch\\\/startuphelfer\\\/\",\"url\":\"https:\\\/\\\/protectreuhand.ch\\\/startuphelfer\\\/\",\"name\":\"Startuphelfer - Protec Treuhand\",\"isPartOf\":{\"@id\":\"https:\\\/\\\/protectreuhand.ch\\\/#website\"},\"datePublished\":\"2025-01-15T12:20:36+00:00\",\"dateModified\":\"2025-01-28T08:16:38+00:00\",\"breadcrumb\":{\"@id\":\"https:\\\/\\\/protectreuhand.ch\\\/startuphelfer\\\/#breadcrumb\"},\"inLanguage\":\"en-GB\",\"potentialAction\":[{\"@type\":\"ReadAction\",\"target\":[\"https:\\\/\\\/protectreuhand.ch\\\/startuphelfer\\\/\"]}]},{\"@type\":\"BreadcrumbList\",\"@id\":\"https:\\\/\\\/protectreuhand.ch\\\/startuphelfer\\\/#breadcrumb\",\"itemListElement\":[{\"@type\":\"ListItem\",\"position\":1,\"name\":\"Startseite\",\"item\":\"https:\\\/\\\/protectreuhand.ch\\\/\"},{\"@type\":\"ListItem\",\"position\":2,\"name\":\"Startuphelfer\"}]},{\"@type\":\"WebSite\",\"@id\":\"https:\\\/\\\/protectreuhand.ch\\\/#website\",\"url\":\"https:\\\/\\\/protectreuhand.ch\\\/\",\"name\":\"Protec Treuhand\",\"description\":\"Ihr Treuhandb\u00fcro in Z\u00fcrich Nord\",\"potentialAction\":[{\"@type\":\"SearchAction\",\"target\":{\"@type\":\"EntryPoint\",\"urlTemplate\":\"https:\\\/\\\/protectreuhand.ch\\\/?s={search_term_string}\"},\"query-input\":{\"@type\":\"PropertyValueSpecification\",\"valueRequired\":true,\"valueName\":\"search_term_string\"}}],\"inLanguage\":\"en-GB\"}]}<\/script>\n<!-- \/ Yoast SEO plugin. -->","yoast_head_json":{"title":"Startuphelfer - Protec Treuhand","robots":{"index":"index","follow":"follow","max-snippet":"max-snippet:-1","max-image-preview":"max-image-preview:large","max-video-preview":"max-video-preview:-1"},"canonical":"https:\/\/protectreuhand.ch\/en\/startuphelfer\/","og_locale":"en_GB","og_type":"article","og_title":"Startuphelfer - Protec Treuhand","og_description":"Ihr Start in die Selbst\u00e4ndigkeit \u2013 mit uns an Ihrer Seite Der Weg in die Selbst\u00e4ndigkeit ist aufregend und voller M\u00f6glichkeiten \u2013 wir begleiten Sie, damit Ihre Gr\u00fcndung reibungslos gelingt. Mit \u00fcber 10 Jahren Erfahrung und zahlreichen erfolgreich begleiteten Gr\u00fcndungen sorgen wir daf\u00fcr, dass Ihr Start ein Erfolg wird. Wir stehen Ihnen als starker Partner [&hellip;]","og_url":"https:\/\/protectreuhand.ch\/en\/startuphelfer\/","og_site_name":"Protec Treuhand","article_modified_time":"2025-01-28T08:16:38+00:00","twitter_card":"summary_large_image","twitter_misc":{"Estimated reading time":"1 minute"},"schema":{"@context":"https:\/\/schema.org","@graph":[{"@type":"WebPage","@id":"https:\/\/protectreuhand.ch\/startuphelfer\/","url":"https:\/\/protectreuhand.ch\/startuphelfer\/","name":"Startuphelfer - Protec Treuhand","isPartOf":{"@id":"https:\/\/protectreuhand.ch\/#website"},"datePublished":"2025-01-15T12:20:36+00:00","dateModified":"2025-01-28T08:16:38+00:00","breadcrumb":{"@id":"https:\/\/protectreuhand.ch\/startuphelfer\/#breadcrumb"},"inLanguage":"en-GB","potentialAction":[{"@type":"ReadAction","target":["https:\/\/protectreuhand.ch\/startuphelfer\/"]}]},{"@type":"BreadcrumbList","@id":"https:\/\/protectreuhand.ch\/startuphelfer\/#breadcrumb","itemListElement":[{"@type":"ListItem","position":1,"name":"Startseite","item":"https:\/\/protectreuhand.ch\/"},{"@type":"ListItem","position":2,"name":"Startuphelfer"}]},{"@type":"WebSite","@id":"https:\/\/protectreuhand.ch\/#website","url":"https:\/\/protectreuhand.ch\/","name":"Protec Treuhand","description":"Your Fiduciary Office in Zurich North","potentialAction":[{"@type":"SearchAction","target":{"@type":"EntryPoint","urlTemplate":"https:\/\/protectreuhand.ch\/?s={search_term_string}"},"query-input":{"@type":"PropertyValueSpecification","valueRequired":true,"valueName":"search_term_string"}}],"inLanguage":"en-GB"}]}},"_links":{"self":[{"href":"https:\/\/protectreuhand.ch\/en\/wp-json\/wp\/v2\/pages\/3195","targetHints":{"allow":["GET"]}}],"collection":[{"href":"https:\/\/protectreuhand.ch\/en\/wp-json\/wp\/v2\/pages"}],"about":[{"href":"https:\/\/protectreuhand.ch\/en\/wp-json\/wp\/v2\/types\/page"}],"author":[{"embeddable":true,"href":"https:\/\/protectreuhand.ch\/en\/wp-json\/wp\/v2\/users\/1"}],"replies":[{"embeddable":true,"href":"https:\/\/protectreuhand.ch\/en\/wp-json\/wp\/v2\/comments?post=3195"}],"version-history":[{"count":0,"href":"https:\/\/protectreuhand.ch\/en\/wp-json\/wp\/v2\/pages\/3195\/revisions"}],"wp:attachment":[{"href":"https:\/\/protectreuhand.ch\/en\/wp-json\/wp\/v2\/media?parent=3195"}],"curies":[{"name":"wp","href":"https:\/\/api.w.org\/{rel}","templated":true}]}}