{"id":3180,"date":"2025-01-15T13:16:25","date_gmt":"2025-01-15T12:16:25","guid":{"rendered":"https:\/\/protectreuhand.ch\/relaunch\/?page_id=3180"},"modified":"2025-01-29T08:08:07","modified_gmt":"2025-01-29T07:08:07","slug":"buchhaltung","status":"publish","type":"page","link":"https:\/\/protectreuhand.ch\/en\/buchhaltung\/","title":{"rendered":"Accounting"},"content":{"rendered":"<div data-elementor-type=\"wp-page\" data-elementor-id=\"3180\" class=\"elementor elementor-3180\" data-elementor-post-type=\"page\">\n\t\t\t\t<div class=\"elementor-element elementor-element-6bd3f37c e-flex e-con-boxed e-con e-parent\" data-id=\"6bd3f37c\" data-element_type=\"container\" data-e-type=\"container\" data-settings=\"{&quot;background_background&quot;:&quot;classic&quot;}\">\n\t\t\t\t\t<div class=\"e-con-inner\">\n\t\t<div class=\"elementor-element elementor-element-428d8abb e-flex e-con-boxed e-con e-child\" data-id=\"428d8abb\" data-element_type=\"container\" data-e-type=\"container\">\n\t\t\t\t\t<div class=\"e-con-inner\">\n\t\t\t\t<div class=\"elementor-element elementor-element-a7764fa elementor-view-default elementor-widget elementor-widget-icon\" data-id=\"a7764fa\" data-element_type=\"widget\" data-e-type=\"widget\" data-widget_type=\"icon.default\">\n\t\t\t\t<div class=\"elementor-widget-container\">\n\t\t\t\t\t\t\t<div class=\"elementor-icon-wrapper\">\n\t\t\t<div class=\"elementor-icon\">\n\t\t\t<svg xmlns=\"http:\/\/www.w3.org\/2000\/svg\" xmlns:xodm=\"http:\/\/www.corel.com\/coreldraw\/odm\/2003\" clip-rule=\"evenodd\" fill-rule=\"evenodd\" height=\"512\" viewbox=\"0 0 512 512\" width=\"512\"><g id=\"Layer_x0020_1\"><path d=\"m77.14 204.6v-127.6c0-16.18 13.21-29.39 29.39-29.39h274.58c8.09 0 15.43 3.31 20.76 8.64l.01-.01c5.32 5.32 8.63 12.68 8.63 20.76v100.04l40.26-69.73c1.64-2.86 5.29-3.84 8.15-2.2l34.29 19.8c6.99 4.02-.32 12.52-5.08 20.76l20.87 12.05c2.86 1.66 3.84 5.32 2.18 8.18l-52.79 91.44c-3.94 6.81-14.31.82-10.36-6l49.8-86.25-15.68-9.05-71.64 124.08v154.87c0 16.15-13.25 29.4-29.4 29.4h-274.58c-16.17 0-29.39-13.24-29.39-29.4v-36.97h-71.14c-3.31 0-6-2.68-6-6v-181.42c0-3.31 2.69-6 6-6zm269.58 184.96v.01l-26.36 19.02h50c7.9 0 7.9 12 0 12h-251.77c-7.9 0-7.9-12 0-12h178.06c.92-6.42 5.51-44.14 7.33-47.04l94.53-163.73v-120.82c0-4.77-1.96-9.12-5.12-12.27l.02-.02c-3.16-3.14-7.51-5.1-12.3-5.1h-274.58c-9.55 0-17.39 7.84-17.39 17.39v127.6h75.02c3.31 0 6 2.69 6 6v181.42c0 3.32-2.69 6-6 6h-75.02v36.97c0 9.6 7.85 17.4 17.39 17.4h274.58c9.58 0 17.4-7.82 17.4-17.4v-134.08c-6 10.38-48.52 85.69-51.79 88.65zm-33.1-15.04-3.86 26.98 22.48-16.23zm160.99-229.31 7.46-12.94-23.94-13.82-82.01 142.05 23.94 13.82zm-157.51 217.52 23.94 13.82 53.05-91.88-23.94-13.82zm-130.18 12.55c-7.9 0-7.9-12 0-12h91.72c7.9 0 7.9 12 0 12zm0-45.31c-7.9 0-7.9-12 0-12h112.21c7.9 0 7.9 12 0 12zm0-45.31c-7.9 0-7.9-12 0-12h141.12c7.9 0 7.9 12 0 12zm0-45.32c-7.9 0-7.9-12 0-12h171.59c7.9 0 7.9 12 0 12zm-69.63-45.31c-7.9 0-7.9-12 0-12h253.07c7.9 0 7.9 12 0 12zm0-45.31c-7.9 0-7.9-12 0-12h253.07c7.9 0 7.9 12 0 12zm21.86 217.56c7.9 0 7.9 12 0 12h-32.92c-7.9 0-7.9-12 0-12zm0-33.63c7.9 0 7.9 12 0 12h-32.92c-7.9 0-7.9-12 0-12zm-79.46 2.12c5.58-5.59 14.07 2.9 8.48 8.48l-12.21 12.22 12.21 12.21c5.59 5.59-2.9 14.07-8.48 8.49l-12.22-12.22-12.21 12.22c-5.59 5.58-14.07-2.9-8.49-8.49l12.22-12.21-12.22-12.22c-5.58-5.58 2.9-14.07 8.49-8.48l12.21 12.21zm79.37-38.87c7.9 0 7.9 12 0 12h-32.91c-7.9 0-7.9-12 0-12zm-75.38 0c7.9 0 7.9 12 0 12h-10.29c0 6.84 1.65 16.29-6 16.29s-6-9.45-6-16.29c-6.84 0-16.29 1.65-16.29-6 0-7.66 9.45-6 16.29-6 0-6.84-1.65-16.3 6-16.3s6 9.46 6 16.3zm-39.83-73.53h122.46c3.31 0 6 2.69 6 6v37.5c0 3.31-2.69 6-6 6h-122.46c-3.31 0-6-2.69-6-6v-37.5c0-3.31 2.69-6 6-6zm116.46 12h-110.46v25.5h110.46zm17.85-17.77c-48.72 0-97.44 0-146.16 0v169.42h146.16zm-40.87-113.19c-7.9 0-7.9-12 0-12h253.07c7.9 0 7.9 12 0 12z\" fill-rule=\"nonzero\"><\/path><\/g><\/svg>\t\t\t<\/div>\n\t\t<\/div>\n\t\t\t\t\t\t<\/div>\n\t\t\t\t<\/div>\n\t\t\t\t<div class=\"elementor-element elementor-element-117237a6 elementor-widget elementor-widget-heading\" data-id=\"117237a6\" data-element_type=\"widget\" data-e-type=\"widget\" data-widget_type=\"heading.default\">\n\t\t\t\t<div class=\"elementor-widget-container\">\n\t\t\t\t\t<h1 class=\"elementor-heading-title elementor-size-default\">Accounting<\/h1>\t\t\t\t<\/div>\n\t\t\t\t<\/div>\n\t\t\t\t\t<\/div>\n\t\t\t\t<\/div>\n\t\t\t\t\t<\/div>\n\t\t\t\t<\/div>\n\t\t<div class=\"elementor-element elementor-element-3448cb79 e-con-full e-flex e-con e-parent\" data-id=\"3448cb79\" data-element_type=\"container\" data-e-type=\"container\">\n\t\t<div class=\"elementor-element elementor-element-85eb51d e-flex e-con-boxed e-con e-child\" data-id=\"85eb51d\" data-element_type=\"container\" data-e-type=\"container\">\n\t\t\t\t\t<div class=\"e-con-inner\">\n\t\t<div class=\"elementor-element elementor-element-7b4f4e86 e-con-full e-flex e-con e-child\" data-id=\"7b4f4e86\" data-element_type=\"container\" data-e-type=\"container\">\n\t\t<div class=\"elementor-element elementor-element-208c4524 e-con-full e-flex e-con e-child\" data-id=\"208c4524\" data-element_type=\"container\" data-e-type=\"container\">\n\t\t\t\t<div class=\"elementor-element elementor-element-56d964d4 elementor-widget elementor-widget-heading\" data-id=\"56d964d4\" data-element_type=\"widget\" data-e-type=\"widget\" data-widget_type=\"heading.default\">\n\t\t\t\t<div class=\"elementor-widget-container\">\n\t\t\t\t\t<h2 class=\"elementor-heading-title elementor-size-default\">Individual accounting \u2013 tailored to your company<\/h2>\t\t\t\t<\/div>\n\t\t\t\t<\/div>\n\t\t\t\t<\/div>\n\t\t\t\t<\/div>\n\t\t<div class=\"elementor-element elementor-element-320a7bc e-con-full e-flex e-con e-child\" data-id=\"320a7bc\" data-element_type=\"container\" data-e-type=\"container\">\n\t\t<div class=\"elementor-element elementor-element-724cbaf e-con-full e-flex e-con e-child\" data-id=\"724cbaf\" data-element_type=\"container\" data-e-type=\"container\">\n\t\t\t\t<div class=\"elementor-element elementor-element-164cdc9 elementor-widget elementor-widget-text-editor\" data-id=\"164cdc9\" data-element_type=\"widget\" data-e-type=\"widget\" data-widget_type=\"text-editor.default\">\n\t\t\t\t<div class=\"elementor-widget-container\">\n\t\t\t\t\t\t\t\t\t<p>Protec Treuhand takes care of all your company\u2019s accounting tasks \u2013 flexibly, reliably, and precisely. From creating your chart of accounts to payroll and VAT returns, all the way to annual financial statements, we are your competent partner.<\/p><p><br><\/p>\n<p>For the self-employed and small businesses, proper accounting of all business-relevant transactions is not only a legal obligation but also the foundation of your success. The annual financial statement not only meets legal requirements but also serves as a valuable basis for negotiations with banks and business partners. We ensure that your accounting is both legally compliant and tax-optimized.<\/p>\t\t\t\t\t\t\t\t<\/div>\n\t\t\t\t<\/div>\n\t\t\t\t<\/div>\n\t\t<div class=\"elementor-element elementor-element-6f4c1a5 e-con-full e-flex e-con e-child\" data-id=\"6f4c1a5\" data-element_type=\"container\" data-e-type=\"container\">\n\t\t\t\t<div class=\"elementor-element elementor-element-ea05ee5 elementor-widget elementor-widget-text-editor\" data-id=\"ea05ee5\" data-element_type=\"widget\" data-e-type=\"widget\" data-widget_type=\"text-editor.default\">\n\t\t\t\t<div class=\"elementor-widget-container\">\n\t\t\t\t\t\t\t\t\t<p><strong>Our services at a glance:<\/strong><\/p>\t\t\t\t\t\t\t\t<\/div>\n\t\t\t\t<\/div>\n\t\t\t\t<div class=\"elementor-element elementor-element-50639a5 elementor-align-start elementor-icon-list--layout-traditional elementor-list-item-link-full_width elementor-widget elementor-widget-icon-list\" data-id=\"50639a5\" data-element_type=\"widget\" data-e-type=\"widget\" data-widget_type=\"icon-list.default\">\n\t\t\t\t<div class=\"elementor-widget-container\">\n\t\t\t\t\t\t\t<ul class=\"elementor-icon-list-items\">\n\t\t\t\t\t\t\t<li class=\"elementor-icon-list-item\">\n\t\t\t\t\t\t\t\t\t\t\t<span class=\"elementor-icon-list-icon\">\n\t\t\t\t\t\t\t<svg aria-hidden=\"true\" class=\"e-font-icon-svg e-fas-square-full\" viewbox=\"0 0 512 512\" xmlns=\"http:\/\/www.w3.org\/2000\/svg\"><path d=\"M512 512H0V0h512v512z\"><\/path><\/svg>\t\t\t\t\t\t<\/span>\n\t\t\t\t\t\t\t\t\t\t<span class=\"elementor-icon-list-text\"><strong>Account coding and booking:<\/strong> Choose between a program for independent document entry or leave the coding and booking to us.<\/span>\n\t\t\t\t\t\t\t\t\t<\/li>\n\t\t\t\t\t\t\t\t<li class=\"elementor-icon-list-item\">\n\t\t\t\t\t\t\t\t\t\t\t<span class=\"elementor-icon-list-icon\">\n\t\t\t\t\t\t\t<svg aria-hidden=\"true\" class=\"e-font-icon-svg e-fas-square-full\" viewbox=\"0 0 512 512\" xmlns=\"http:\/\/www.w3.org\/2000\/svg\"><path d=\"M512 512H0V0h512v512z\"><\/path><\/svg>\t\t\t\t\t\t<\/span>\n\t\t\t\t\t\t\t\t\t\t<span class=\"elementor-icon-list-text\"><strong>Payroll:<\/strong> Precisely and punctually handled for you.<\/span>\n\t\t\t\t\t\t\t\t\t<\/li>\n\t\t\t\t\t\t\t\t<li class=\"elementor-icon-list-item\">\n\t\t\t\t\t\t\t\t\t\t\t<span class=\"elementor-icon-list-icon\">\n\t\t\t\t\t\t\t<svg aria-hidden=\"true\" class=\"e-font-icon-svg e-fas-square-full\" viewbox=\"0 0 512 512\" xmlns=\"http:\/\/www.w3.org\/2000\/svg\"><path d=\"M512 512H0V0h512v512z\"><\/path><\/svg>\t\t\t\t\t\t<\/span>\n\t\t\t\t\t\t\t\t\t\t<span class=\"elementor-icon-list-text\"><strong>Social security:<\/strong> Administration and communication with the relevant authorities.<\/span>\n\t\t\t\t\t\t\t\t\t<\/li>\n\t\t\t\t\t\t\t\t<li class=\"elementor-icon-list-item\">\n\t\t\t\t\t\t\t\t\t\t\t<span class=\"elementor-icon-list-icon\">\n\t\t\t\t\t\t\t<svg aria-hidden=\"true\" class=\"e-font-icon-svg e-fas-square-full\" viewbox=\"0 0 512 512\" xmlns=\"http:\/\/www.w3.org\/2000\/svg\"><path d=\"M512 512H0V0h512v512z\"><\/path><\/svg>\t\t\t\t\t\t<\/span>\n\t\t\t\t\t\t\t\t\t\t<span class=\"elementor-icon-list-text\"><strong>VAT:<\/strong> Preparation and submission of returns.<\/span>\n\t\t\t\t\t\t\t\t\t<\/li>\n\t\t\t\t\t\t\t\t<li class=\"elementor-icon-list-item\">\n\t\t\t\t\t\t\t\t\t\t\t<span class=\"elementor-icon-list-icon\">\n\t\t\t\t\t\t\t<svg aria-hidden=\"true\" class=\"e-font-icon-svg e-fas-square-full\" viewbox=\"0 0 512 512\" xmlns=\"http:\/\/www.w3.org\/2000\/svg\"><path d=\"M512 512H0V0h512v512z\"><\/path><\/svg>\t\t\t\t\t\t<\/span>\n\t\t\t\t\t\t\t\t\t\t<span class=\"elementor-icon-list-text\"><strong>Annual financial statements:<\/strong> Legally compliant, tax-optimized, and a solid foundation for your business negotiations.<\/span>\n\t\t\t\t\t\t\t\t\t<\/li>\n\t\t\t\t\t\t<\/ul>\n\t\t\t\t\t\t<\/div>\n\t\t\t\t<\/div>\n\t\t\t\t<\/div>\n\t\t\t\t<\/div>\n\t\t\t\t\t<\/div>\n\t\t\t\t<\/div>\n\t\t\t\t<\/div>\n\t\t<div class=\"elementor-element elementor-element-116fff7b e-con-full e-flex e-con e-parent\" data-id=\"116fff7b\" data-element_type=\"container\" data-e-type=\"container\">\n\t\t<div class=\"elementor-element elementor-element-2c066dcc e-flex e-con-boxed e-con e-child\" data-id=\"2c066dcc\" data-element_type=\"container\" data-e-type=\"container\" data-settings=\"{&quot;background_background&quot;:&quot;classic&quot;}\">\n\t\t\t\t\t<div class=\"e-con-inner\">\n\t\t<div class=\"elementor-element elementor-element-3f0ff4c6 e-con-full e-flex e-con e-child\" data-id=\"3f0ff4c6\" data-element_type=\"container\" data-e-type=\"container\" data-settings=\"{&quot;background_background&quot;:&quot;classic&quot;}\">\n\t\t\t\t<div class=\"elementor-element elementor-element-7842449f elementor-widget elementor-widget-heading\" data-id=\"7842449f\" data-element_type=\"widget\" data-e-type=\"widget\" data-widget_type=\"heading.default\">\n\t\t\t\t<div class=\"elementor-widget-container\">\n\t\t\t\t\t<h2 class=\"elementor-heading-title elementor-size-default\">Get in touch with us today!<\/h2>\t\t\t\t<\/div>\n\t\t\t\t<\/div>\n\t\t\t\t<div class=\"elementor-element elementor-element-b952dd9 elementor-widget elementor-widget-heading\" data-id=\"b952dd9\" data-element_type=\"widget\" data-e-type=\"widget\" data-widget_type=\"heading.default\">\n\t\t\t\t<div class=\"elementor-widget-container\">\n\t\t\t\t\t<h3 class=\"elementor-heading-title elementor-size-default\">This way, you can focus on what matters \u2013 we\u2019ll take care of the rest. Contact us today! <\/h3>\t\t\t\t<\/div>\n\t\t\t\t<\/div>\n\t\t<div class=\"elementor-element elementor-element-151f761f e-con-full e-flex e-con e-child\" data-id=\"151f761f\" data-element_type=\"container\" data-e-type=\"container\">\n\t\t\t\t<div class=\"elementor-element elementor-element-8d8989d elementor-mobile-align-justify elementor-widget-mobile__width-inherit elementor-widget elementor-widget-button\" data-id=\"8d8989d\" data-element_type=\"widget\" data-e-type=\"widget\" data-widget_type=\"button.default\">\n\t\t\t\t<div class=\"elementor-widget-container\">\n\t\t\t\t\t\t\t\t\t<div class=\"elementor-button-wrapper\">\n\t\t\t\t\t<a class=\"elementor-button elementor-button-link elementor-size-sm\" href=\"tel:+41443030180\">\n\t\t\t\t\t\t<span class=\"elementor-button-content-wrapper\">\n\t\t\t\t\t\t\t\t\t<span class=\"elementor-button-text\">+41 44 303 01 80<\/span>\n\t\t\t\t\t<\/span>\n\t\t\t\t\t<\/a>\n\t\t\t\t<\/div>\n\t\t\t\t\t\t\t\t<\/div>\n\t\t\t\t<\/div>\n\t\t\t\t<div class=\"elementor-element elementor-element-144fb7be elementor-mobile-align-justify elementor-widget-mobile__width-inherit elementor-widget elementor-widget-button\" data-id=\"144fb7be\" data-element_type=\"widget\" data-e-type=\"widget\" data-widget_type=\"button.default\">\n\t\t\t\t<div class=\"elementor-widget-container\">\n\t\t\t\t\t\t\t\t\t<div class=\"elementor-button-wrapper\">\n\t\t\t\t\t<a class=\"elementor-button elementor-button-link elementor-size-sm\" href=\"mailto:info@protectreuhand.ch\">\n\t\t\t\t\t\t<span class=\"elementor-button-content-wrapper\">\n\t\t\t\t\t\t\t\t\t<span class=\"elementor-button-text\">Contact<\/span>\n\t\t\t\t\t<\/span>\n\t\t\t\t\t<\/a>\n\t\t\t\t<\/div>\n\t\t\t\t\t\t\t\t<\/div>\n\t\t\t\t<\/div>\n\t\t\t\t<\/div>\n\t\t\t\t<\/div>\n\t\t\t\t\t<\/div>\n\t\t\t\t<\/div>\n\t\t\t\t<\/div>\n\t\t\t\t<\/div>","protected":false},"excerpt":{"rendered":"<p>Individuelle Buchhaltung \u2013 auf Ihre Firma zugeschnitten Protec Treuhand \u00fcbernimmt alle buchhalterischen Aufgaben Ihrer Firma \u2013 flexibel, zuverl\u00e4ssig und passgenau. Von der Erstellung des Kontoplans \u00fcber die Lohn- und Mehrwertsteuerabrechnung bis hin zum Jahresabschluss sind wir Ihr kompetenter Partner. F\u00fcr Selbst\u00e4ndigerwerbende und Kleinbetriebe ist die ordnungsgem\u00e4\u00dfe Verbuchung aller gesch\u00e4ftsrelevanten Vorg\u00e4nge nicht nur eine gesetzliche Pflicht, [&hellip;]<\/p>\n","protected":false},"author":1,"featured_media":0,"parent":0,"menu_order":0,"comment_status":"closed","ping_status":"closed","template":"elementor_header_footer","meta":{"site-sidebar-layout":"no-sidebar","site-content-layout":"page-builder","ast-site-content-layout":"full-width-container","site-content-style":"unboxed","site-sidebar-style":"unboxed","ast-global-header-display":"","ast-banner-title-visibility":"","ast-main-header-display":"","ast-hfb-above-header-display":"","ast-hfb-below-header-display":"","ast-hfb-mobile-header-display":"","site-post-title":"disabled","ast-breadcrumbs-content":"","ast-featured-img":"disabled","footer-sml-layout":"","ast-disable-related-posts":"","theme-transparent-header-meta":"default","adv-header-id-meta":"","stick-header-meta":"","header-above-stick-meta":"","header-main-stick-meta":"","header-below-stick-meta":"","astra-migrate-meta-layouts":"set","ast-page-background-enabled":"default","ast-page-background-meta":{"desktop":{"background-color":"var(--ast-global-color-4)","background-image":"","background-repeat":"repeat","background-position":"center center","background-size":"auto","background-attachment":"scroll","background-type":"","background-media":"","overlay-type":"","overlay-color":"","overlay-opacity":"","overlay-gradient":""},"tablet":{"background-color":"","background-image":"","background-repeat":"repeat","background-position":"center center","background-size":"auto","background-attachment":"scroll","background-type":"","background-media":"","overlay-type":"","overlay-color":"","overlay-opacity":"","overlay-gradient":""},"mobile":{"background-color":"","background-image":"","background-repeat":"repeat","background-position":"center center","background-size":"auto","background-attachment":"scroll","background-type":"","background-media":"","overlay-type":"","overlay-color":"","overlay-opacity":"","overlay-gradient":""}},"ast-content-background-meta":{"desktop":{"background-color":"var(--ast-global-color-5)","background-image":"","background-repeat":"repeat","background-position":"center center","background-size":"auto","background-attachment":"scroll","background-type":"","background-media":"","overlay-type":"","overlay-color":"","overlay-opacity":"","overlay-gradient":""},"tablet":{"background-color":"var(--ast-global-color-5)","background-image":"","background-repeat":"repeat","background-position":"center center","background-size":"auto","background-attachment":"scroll","background-type":"","background-media":"","overlay-type":"","overlay-color":"","overlay-opacity":"","overlay-gradient":""},"mobile":{"background-color":"var(--ast-global-color-5)","background-image":"","background-repeat":"repeat","background-position":"center center","background-size":"auto","background-attachment":"scroll","background-type":"","background-media":"","overlay-type":"","overlay-color":"","overlay-opacity":"","overlay-gradient":""}},"footnotes":""},"class_list":["post-3180","page","type-page","status-publish","hentry"],"yoast_head":"<!-- This site is optimized with the Yoast SEO plugin v27.4 - https:\/\/yoast.com\/product\/yoast-seo-wordpress\/ -->\n<title>Buchhaltung - Protec Treuhand<\/title>\n<meta name=\"robots\" content=\"index, follow, max-snippet:-1, max-image-preview:large, max-video-preview:-1\" \/>\n<link rel=\"canonical\" href=\"https:\/\/protectreuhand.ch\/en\/buchhaltung\/\" \/>\n<meta property=\"og:locale\" content=\"en_GB\" \/>\n<meta property=\"og:type\" content=\"article\" \/>\n<meta property=\"og:title\" content=\"Buchhaltung - Protec Treuhand\" \/>\n<meta property=\"og:description\" content=\"Individuelle Buchhaltung \u2013 auf Ihre Firma zugeschnitten Protec Treuhand \u00fcbernimmt alle buchhalterischen Aufgaben Ihrer Firma \u2013 flexibel, zuverl\u00e4ssig und passgenau. Von der Erstellung des Kontoplans \u00fcber die Lohn- und Mehrwertsteuerabrechnung bis hin zum Jahresabschluss sind wir Ihr kompetenter Partner. F\u00fcr Selbst\u00e4ndigerwerbende und Kleinbetriebe ist die ordnungsgem\u00e4\u00dfe Verbuchung aller gesch\u00e4ftsrelevanten Vorg\u00e4nge nicht nur eine gesetzliche Pflicht, [&hellip;]\" \/>\n<meta property=\"og:url\" content=\"https:\/\/protectreuhand.ch\/en\/buchhaltung\/\" \/>\n<meta property=\"og:site_name\" content=\"Protec Treuhand\" \/>\n<meta property=\"article:modified_time\" content=\"2025-01-29T07:08:07+00:00\" \/>\n<meta name=\"twitter:card\" content=\"summary_large_image\" \/>\n<meta name=\"twitter:label1\" content=\"Estimated reading time\" \/>\n\t<meta name=\"twitter:data1\" content=\"1 minute\" \/>\n<script type=\"application\/ld+json\" class=\"yoast-schema-graph\">{\"@context\":\"https:\\\/\\\/schema.org\",\"@graph\":[{\"@type\":\"WebPage\",\"@id\":\"https:\\\/\\\/protectreuhand.ch\\\/buchhaltung\\\/\",\"url\":\"https:\\\/\\\/protectreuhand.ch\\\/buchhaltung\\\/\",\"name\":\"Buchhaltung - Protec Treuhand\",\"isPartOf\":{\"@id\":\"https:\\\/\\\/protectreuhand.ch\\\/#website\"},\"datePublished\":\"2025-01-15T12:16:25+00:00\",\"dateModified\":\"2025-01-29T07:08:07+00:00\",\"breadcrumb\":{\"@id\":\"https:\\\/\\\/protectreuhand.ch\\\/buchhaltung\\\/#breadcrumb\"},\"inLanguage\":\"en-GB\",\"potentialAction\":[{\"@type\":\"ReadAction\",\"target\":[\"https:\\\/\\\/protectreuhand.ch\\\/buchhaltung\\\/\"]}]},{\"@type\":\"BreadcrumbList\",\"@id\":\"https:\\\/\\\/protectreuhand.ch\\\/buchhaltung\\\/#breadcrumb\",\"itemListElement\":[{\"@type\":\"ListItem\",\"position\":1,\"name\":\"Startseite\",\"item\":\"https:\\\/\\\/protectreuhand.ch\\\/\"},{\"@type\":\"ListItem\",\"position\":2,\"name\":\"Buchhaltung\"}]},{\"@type\":\"WebSite\",\"@id\":\"https:\\\/\\\/protectreuhand.ch\\\/#website\",\"url\":\"https:\\\/\\\/protectreuhand.ch\\\/\",\"name\":\"Protec Treuhand\",\"description\":\"Ihr Treuhandb\u00fcro in Z\u00fcrich Nord\",\"potentialAction\":[{\"@type\":\"SearchAction\",\"target\":{\"@type\":\"EntryPoint\",\"urlTemplate\":\"https:\\\/\\\/protectreuhand.ch\\\/?s={search_term_string}\"},\"query-input\":{\"@type\":\"PropertyValueSpecification\",\"valueRequired\":true,\"valueName\":\"search_term_string\"}}],\"inLanguage\":\"en-GB\"}]}<\/script>\n<!-- \/ Yoast SEO plugin. -->","yoast_head_json":{"title":"Buchhaltung - Protec Treuhand","robots":{"index":"index","follow":"follow","max-snippet":"max-snippet:-1","max-image-preview":"max-image-preview:large","max-video-preview":"max-video-preview:-1"},"canonical":"https:\/\/protectreuhand.ch\/en\/buchhaltung\/","og_locale":"en_GB","og_type":"article","og_title":"Buchhaltung - Protec Treuhand","og_description":"Individuelle Buchhaltung \u2013 auf Ihre Firma zugeschnitten Protec Treuhand \u00fcbernimmt alle buchhalterischen Aufgaben Ihrer Firma \u2013 flexibel, zuverl\u00e4ssig und passgenau. Von der Erstellung des Kontoplans \u00fcber die Lohn- und Mehrwertsteuerabrechnung bis hin zum Jahresabschluss sind wir Ihr kompetenter Partner. F\u00fcr Selbst\u00e4ndigerwerbende und Kleinbetriebe ist die ordnungsgem\u00e4\u00dfe Verbuchung aller gesch\u00e4ftsrelevanten Vorg\u00e4nge nicht nur eine gesetzliche Pflicht, [&hellip;]","og_url":"https:\/\/protectreuhand.ch\/en\/buchhaltung\/","og_site_name":"Protec Treuhand","article_modified_time":"2025-01-29T07:08:07+00:00","twitter_card":"summary_large_image","twitter_misc":{"Estimated reading time":"1 minute"},"schema":{"@context":"https:\/\/schema.org","@graph":[{"@type":"WebPage","@id":"https:\/\/protectreuhand.ch\/buchhaltung\/","url":"https:\/\/protectreuhand.ch\/buchhaltung\/","name":"Buchhaltung - Protec Treuhand","isPartOf":{"@id":"https:\/\/protectreuhand.ch\/#website"},"datePublished":"2025-01-15T12:16:25+00:00","dateModified":"2025-01-29T07:08:07+00:00","breadcrumb":{"@id":"https:\/\/protectreuhand.ch\/buchhaltung\/#breadcrumb"},"inLanguage":"en-GB","potentialAction":[{"@type":"ReadAction","target":["https:\/\/protectreuhand.ch\/buchhaltung\/"]}]},{"@type":"BreadcrumbList","@id":"https:\/\/protectreuhand.ch\/buchhaltung\/#breadcrumb","itemListElement":[{"@type":"ListItem","position":1,"name":"Startseite","item":"https:\/\/protectreuhand.ch\/"},{"@type":"ListItem","position":2,"name":"Buchhaltung"}]},{"@type":"WebSite","@id":"https:\/\/protectreuhand.ch\/#website","url":"https:\/\/protectreuhand.ch\/","name":"Protec Treuhand","description":"Your Fiduciary Office in Zurich North","potentialAction":[{"@type":"SearchAction","target":{"@type":"EntryPoint","urlTemplate":"https:\/\/protectreuhand.ch\/?s={search_term_string}"},"query-input":{"@type":"PropertyValueSpecification","valueRequired":true,"valueName":"search_term_string"}}],"inLanguage":"en-GB"}]}},"_links":{"self":[{"href":"https:\/\/protectreuhand.ch\/en\/wp-json\/wp\/v2\/pages\/3180","targetHints":{"allow":["GET"]}}],"collection":[{"href":"https:\/\/protectreuhand.ch\/en\/wp-json\/wp\/v2\/pages"}],"about":[{"href":"https:\/\/protectreuhand.ch\/en\/wp-json\/wp\/v2\/types\/page"}],"author":[{"embeddable":true,"href":"https:\/\/protectreuhand.ch\/en\/wp-json\/wp\/v2\/users\/1"}],"replies":[{"embeddable":true,"href":"https:\/\/protectreuhand.ch\/en\/wp-json\/wp\/v2\/comments?post=3180"}],"version-history":[{"count":0,"href":"https:\/\/protectreuhand.ch\/en\/wp-json\/wp\/v2\/pages\/3180\/revisions"}],"wp:attachment":[{"href":"https:\/\/protectreuhand.ch\/en\/wp-json\/wp\/v2\/media?parent=3180"}],"curies":[{"name":"wp","href":"https:\/\/api.w.org\/{rel}","templated":true}]}}