{"id":2906,"date":"2025-01-10T14:28:19","date_gmt":"2025-01-10T13:28:19","guid":{"rendered":"https:\/\/protectreuhand.ch\/relaunch\/?page_id=2906"},"modified":"2025-01-28T09:16:49","modified_gmt":"2025-01-28T08:16:49","slug":"steuerberatung","status":"publish","type":"page","link":"https:\/\/protectreuhand.ch\/en\/steuerberatung\/","title":{"rendered":"Tax consulting"},"content":{"rendered":"<div data-elementor-type=\"wp-page\" data-elementor-id=\"2906\" class=\"elementor elementor-2906\" data-elementor-post-type=\"page\">\n\t\t\t\t<div class=\"elementor-element elementor-element-6bd3f37c e-flex e-con-boxed e-con e-parent\" data-id=\"6bd3f37c\" data-element_type=\"container\" data-e-type=\"container\" data-settings=\"{&quot;background_background&quot;:&quot;classic&quot;}\">\n\t\t\t\t\t<div class=\"e-con-inner\">\n\t\t<div class=\"elementor-element elementor-element-428d8abb e-flex e-con-boxed e-con e-child\" data-id=\"428d8abb\" data-element_type=\"container\" data-e-type=\"container\">\n\t\t\t\t\t<div class=\"e-con-inner\">\n\t\t\t\t<div class=\"elementor-element elementor-element-a7764fa elementor-view-default elementor-widget elementor-widget-icon\" data-id=\"a7764fa\" data-element_type=\"widget\" data-e-type=\"widget\" data-widget_type=\"icon.default\">\n\t\t\t\t<div class=\"elementor-widget-container\">\n\t\t\t\t\t\t\t<div class=\"elementor-icon-wrapper\">\n\t\t\t<div class=\"elementor-icon\">\n\t\t\t<svg xmlns=\"http:\/\/www.w3.org\/2000\/svg\" clip-rule=\"evenodd\" fill-rule=\"evenodd\" height=\"512\" viewbox=\"0 0 512 512\" width=\"512\"><g id=\"Layer_x0020_1\"><g id=\"_279325048\"><g id=\"_289202256\"><path d=\"m461 512h-410c-3 0-6-3-6-6v-500c0-3 3-6 6-6h410c3 0 6 3 6 6v500c0 3-3 6-6 6zm-404-12h398v-488h-398z\"><\/path><\/g><g id=\"_289203144\"><path d=\"m439 122h-362c-4 0-6-3-6-6v-80c0-4 2-6 6-6h362c3 0 6 2 6 6v80c0 3-3 6-6 6zm-356-12h350v-68h-350z\"><\/path><\/g><g id=\"_289202856\"><path d=\"m242 212h-148c-3 0-6-2-6-6v-58c0-4 3-6 6-6h148c3 0 6 2 6 6v58c0 4-3 6-6 6zm-142-12h136v-46h-136z\"><\/path><\/g><g id=\"_289202976\"><path d=\"m324 215h-50c-8 0-14-6-14-14v-48c0-8 6-14 14-14h50c7 0 13 6 13 14v48c0 8-6 14-13 14zm-50-64c-1 0-2 1-2 2v48c0 1 1 2 2 2h50c1 0 1-1 1-2v-48c0-1 0-2-1-2z\"><\/path><\/g><g id=\"_289202928\"><path d=\"m414 215h-50c-8 0-14-6-14-14v-48c0-8 6-14 14-14h50c7 0 13 6 13 14v48c0 8-6 14-13 14zm-50-64c-1 0-2 1-2 2v48c0 1 1 2 2 2h50c1 0 1-1 1-2v-48c0-1 0-2-1-2z\"><\/path><\/g><g id=\"_289203864\"><path d=\"m147 301h-51c-7 0-13-5-13-13v-49c0-7 6-13 13-13h51c7 0 13 6 13 13v49c0 8-6 13-13 13zm-51-63s-1 1-1 1v49c0 1 1 2 1 2h51s1-1 1-2v-49s-1-1-1-1z\"><\/path><\/g><g id=\"_289203984\"><path d=\"m236 301h-50c-7 0-13-5-13-13v-49c0-7 6-13 13-13h50c8 0 14 6 14 13v49c0 8-6 13-14 13zm-50-63c-1 0-1 1-1 1v49c0 1 0 2 1 2h50c1 0 2-1 2-2v-49s-1-1-2-1z\"><\/path><\/g><g id=\"_289203672\"><path d=\"m326 301h-50c-8 0-14-5-14-13v-49c0-7 6-13 14-13h50c7 0 13 6 13 13v49c0 8-6 13-13 13zm-50-63c-1 0-2 1-2 1v49c0 1 1 2 2 2h50c1 0 1-1 1-2v-49s0-1-1-1z\"><\/path><\/g><g id=\"_289203696\"><path d=\"m416 301h-51c-7 0-13-5-13-13v-49c0-7 6-13 13-13h51c7 0 13 6 13 13v49c0 8-6 13-13 13zm-51-63s-1 1-1 1v49c0 1 1 2 1 2h51s1-1 1-2v-49s-1-1-1-1z\"><\/path><\/g><g id=\"_289203576\"><path d=\"m147 391h-51c-7 0-13-5-13-13v-49c0-7 6-13 13-13h51c7 0 13 6 13 13v49c0 8-6 13-13 13zm-51-63s-1 1-1 1v49c0 1 1 1 1 1h51s1 0 1-1v-49s-1-1-1-1z\"><\/path><\/g><g id=\"_289203600\"><path d=\"m236 391h-50c-7 0-13-5-13-13v-49c0-7 6-13 13-13h50c8 0 14 6 14 13v49c0 8-6 13-14 13zm-50-63c-1 0-1 1-1 1v49c0 1 0 1 1 1h50c1 0 2 0 2-1v-49s-1-1-2-1z\"><\/path><\/g><g id=\"_289203624\"><path d=\"m326 391h-50c-8 0-14-5-14-13v-49c0-7 6-13 14-13h50c7 0 13 6 13 13v49c0 8-6 13-13 13zm-50-63c-1 0-2 1-2 1v49c0 1 1 1 2 1h50c1 0 1 0 1-1v-49s0-1-1-1z\"><\/path><\/g><g id=\"_289203528\"><path d=\"m147 481h-51c-7 0-13-6-13-13v-49c0-7 6-13 13-13h51c7 0 13 6 13 13v49c0 7-6 13-13 13zm-51-63s-1 1-1 1v49c0 1 1 1 1 1h51s1 0 1-1v-49s-1-1-1-1z\"><\/path><\/g><g id=\"_289203336\"><path d=\"m236 481h-50c-7 0-13-6-13-13v-49c0-7 6-13 13-13h50c8 0 14 6 14 13v49c0 7-6 13-14 13zm-50-63c-1 0-1 1-1 1v49c0 1 0 1 1 1h50c1 0 2 0 2-1v-49s-1-1-2-1z\"><\/path><\/g><g id=\"_289203744\"><path d=\"m326 481h-50c-8 0-14-6-14-13v-49c0-7 6-13 14-13h50c7 0 13 6 13 13v49c0 7-6 13-13 13zm-50-63c-1 0-2 1-2 1v49c0 1 1 1 2 1h50c1 0 1 0 1-1v-49s0-1-1-1z\"><\/path><\/g><g id=\"_289203816\"><path d=\"m416 481h-51c-7 0-13-6-13-13v-138c0-8 6-14 13-14h51c7 0 13 6 13 14v138c0 7-6 13-13 13zm-51-153s-1 1-1 2v138c0 1 1 1 1 1h51s1 0 1-1v-138c0-1-1-2-1-2z\"><\/path><\/g><g id=\"_289204056\"><path d=\"m207 102c-4 0-6-3-6-6v-34h-9c-3 0-6-3-6-6s3-6 6-6h29c3 0 6 3 6 6s-3 6-6 6h-8v34c0 3-3 6-6 6z\"><\/path><\/g><g id=\"_289204656\"><path d=\"m322 102c-2 0-4-1-5-2l-8-13-8 12c-2 3-5 4-8 2s-4-6-2-8l11-17-10-16c-2-3-1-7 2-9 2-1 6-1 8 2l8 12 8-12c2-2 5-3 8-1s4 5 2 8l-11 16 10 17c2 3 1 7-2 8-1 1-2 1-3 1z\"><\/path><\/g><g id=\"_289204728\"><path d=\"m275 101c-3 0-5-1-6-4l-3-7h-15l-3 7c-1 3-5 5-8 4-3-2-4-5-3-8l4-11 12-29c1-2 3-4 6-4 2 0 4 2 5 4l12 29 4 11c2 3 0 6-3 8-1 0-1 0-2 0zm-19-23h5l-2-7z\"><\/path><\/g><\/g><\/g><\/svg>\t\t\t<\/div>\n\t\t<\/div>\n\t\t\t\t\t\t<\/div>\n\t\t\t\t<\/div>\n\t\t\t\t<div class=\"elementor-element elementor-element-117237a6 elementor-widget elementor-widget-heading\" data-id=\"117237a6\" data-element_type=\"widget\" data-e-type=\"widget\" data-widget_type=\"heading.default\">\n\t\t\t\t<div class=\"elementor-widget-container\">\n\t\t\t\t\t<h1 class=\"elementor-heading-title elementor-size-default\">Tax consulting<\/h1>\t\t\t\t<\/div>\n\t\t\t\t<\/div>\n\t\t\t\t\t<\/div>\n\t\t\t\t<\/div>\n\t\t\t\t\t<\/div>\n\t\t\t\t<\/div>\n\t\t<div class=\"elementor-element elementor-element-26ad4e74 e-con-full e-flex e-con e-parent\" data-id=\"26ad4e74\" data-element_type=\"container\" data-e-type=\"container\">\n\t\t<div class=\"elementor-element elementor-element-3ed7e0a0 e-flex e-con-boxed e-con e-child\" data-id=\"3ed7e0a0\" data-element_type=\"container\" data-e-type=\"container\">\n\t\t\t\t\t<div class=\"e-con-inner\">\n\t\t<div class=\"elementor-element elementor-element-2a2a52d9 e-con-full e-flex e-con e-child\" data-id=\"2a2a52d9\" data-element_type=\"container\" data-e-type=\"container\">\n\t\t<div class=\"elementor-element elementor-element-29f9f65b e-con-full e-flex e-con e-child\" data-id=\"29f9f65b\" data-element_type=\"container\" data-e-type=\"container\">\n\t\t\t\t<div class=\"elementor-element elementor-element-7e277bde elementor-widget elementor-widget-heading\" data-id=\"7e277bde\" data-element_type=\"widget\" data-e-type=\"widget\" data-widget_type=\"heading.default\">\n\t\t\t\t<div class=\"elementor-widget-container\">\n\t\t\t\t\t<h2 class=\"elementor-heading-title elementor-size-default\">Taxes? No problem \u2013 we handle everything, from tax returns to appeals.<\/h2>\t\t\t\t<\/div>\n\t\t\t\t<\/div>\n\t\t\t\t<\/div>\n\t\t\t\t<\/div>\n\t\t<div class=\"elementor-element elementor-element-79a8707e e-con-full e-flex e-con e-child\" data-id=\"79a8707e\" data-element_type=\"container\" data-e-type=\"container\">\n\t\t<div class=\"elementor-element elementor-element-6d019c7a e-con-full e-flex e-con e-child\" data-id=\"6d019c7a\" data-element_type=\"container\" data-e-type=\"container\">\n\t\t\t\t<div class=\"elementor-element elementor-element-3626d052 elementor-widget elementor-widget-text-editor\" data-id=\"3626d052\" data-element_type=\"widget\" data-e-type=\"widget\" data-widget_type=\"text-editor.default\">\n\t\t\t\t<div class=\"elementor-widget-container\">\n\t\t\t\t\t\t\t\t\t<p>Filling out your tax return not only takes time but also requires extensive expertise. Especially after purchasing property or starting your own business, questions often arise: What deductions are possible? Where can they be claimed? The answers can be complex.<br \/><br \/><\/p><p>Leave your tax matters to us \u2013 we\u2019ll provide clarity and relief. With us by your side, you can focus on what matters while we handle your tax affairs competently and efficiently.<\/p>\t\t\t\t\t\t\t\t<\/div>\n\t\t\t\t<\/div>\n\t\t\t\t<\/div>\n\t\t<div class=\"elementor-element elementor-element-3fa99ef e-con-full e-flex e-con e-child\" data-id=\"3fa99ef\" data-element_type=\"container\" data-e-type=\"container\">\n\t\t\t\t<div class=\"elementor-element elementor-element-18a5cad1 elementor-widget elementor-widget-text-editor\" data-id=\"18a5cad1\" data-element_type=\"widget\" data-e-type=\"widget\" data-widget_type=\"text-editor.default\">\n\t\t\t\t<div class=\"elementor-widget-container\">\n\t\t\t\t\t\t\t\t\t<p><strong>Our services at a glance:<\/strong><\/p>\t\t\t\t\t\t\t\t<\/div>\n\t\t\t\t<\/div>\n\t\t\t\t<div class=\"elementor-element elementor-element-e9e0285 elementor-align-start elementor-icon-list--layout-traditional elementor-list-item-link-full_width elementor-widget elementor-widget-icon-list\" data-id=\"e9e0285\" data-element_type=\"widget\" data-e-type=\"widget\" data-widget_type=\"icon-list.default\">\n\t\t\t\t<div class=\"elementor-widget-container\">\n\t\t\t\t\t\t\t<ul class=\"elementor-icon-list-items\">\n\t\t\t\t\t\t\t<li class=\"elementor-icon-list-item\">\n\t\t\t\t\t\t\t\t\t\t\t<span class=\"elementor-icon-list-icon\">\n\t\t\t\t\t\t\t<svg aria-hidden=\"true\" class=\"e-font-icon-svg e-fas-square-full\" viewbox=\"0 0 512 512\" xmlns=\"http:\/\/www.w3.org\/2000\/svg\"><path d=\"M512 512H0V0h512v512z\"><\/path><\/svg>\t\t\t\t\t\t<\/span>\n\t\t\t\t\t\t\t\t\t\t<span class=\"elementor-icon-list-text\"><strong>Tax returns for all cantons:<\/strong> Tailored for individuals and businesses, including a practical checklist for your tax documents.<\/span>\n\t\t\t\t\t\t\t\t\t<\/li>\n\t\t\t\t\t\t\t\t<li class=\"elementor-icon-list-item\">\n\t\t\t\t\t\t\t\t\t\t\t<span class=\"elementor-icon-list-icon\">\n\t\t\t\t\t\t\t<svg aria-hidden=\"true\" class=\"e-font-icon-svg e-fas-square-full\" viewbox=\"0 0 512 512\" xmlns=\"http:\/\/www.w3.org\/2000\/svg\"><path d=\"M512 512H0V0h512v512z\"><\/path><\/svg>\t\t\t\t\t\t<\/span>\n\t\t\t\t\t\t\t\t\t\t<span class=\"elementor-icon-list-text\"><strong>Tax consulting:<\/strong> We answer your questions and identify optimization potential.<\/span>\n\t\t\t\t\t\t\t\t\t<\/li>\n\t\t\t\t\t\t\t\t<li class=\"elementor-icon-list-item\">\n\t\t\t\t\t\t\t\t\t\t\t<span class=\"elementor-icon-list-icon\">\n\t\t\t\t\t\t\t<svg aria-hidden=\"true\" class=\"e-font-icon-svg e-fas-square-full\" viewbox=\"0 0 512 512\" xmlns=\"http:\/\/www.w3.org\/2000\/svg\"><path d=\"M512 512H0V0h512v512z\"><\/path><\/svg>\t\t\t\t\t\t<\/span>\n\t\t\t\t\t\t\t\t\t\t<span class=\"elementor-icon-list-text\"><strong>Tax optimisation:<\/strong> We help you reduce your tax burden.<\/span>\n\t\t\t\t\t\t\t\t\t<\/li>\n\t\t\t\t\t\t\t\t<li class=\"elementor-icon-list-item\">\n\t\t\t\t\t\t\t\t\t\t\t<span class=\"elementor-icon-list-icon\">\n\t\t\t\t\t\t\t<svg aria-hidden=\"true\" class=\"e-font-icon-svg e-fas-square-full\" viewbox=\"0 0 512 512\" xmlns=\"http:\/\/www.w3.org\/2000\/svg\"><path d=\"M512 512H0V0h512v512z\"><\/path><\/svg>\t\t\t\t\t\t<\/span>\n\t\t\t\t\t\t\t\t\t\t<span class=\"elementor-icon-list-text\"><strong>Review of tax assessments and bills:<\/strong> So you won\u2019t experience any surprises.<\/span>\n\t\t\t\t\t\t\t\t\t<\/li>\n\t\t\t\t\t\t\t\t<li class=\"elementor-icon-list-item\">\n\t\t\t\t\t\t\t\t\t\t\t<span class=\"elementor-icon-list-icon\">\n\t\t\t\t\t\t\t<svg aria-hidden=\"true\" class=\"e-font-icon-svg e-fas-square-full\" viewbox=\"0 0 512 512\" xmlns=\"http:\/\/www.w3.org\/2000\/svg\"><path d=\"M512 512H0V0h512v512z\"><\/path><\/svg>\t\t\t\t\t\t<\/span>\n\t\t\t\t\t\t\t\t\t\t<span class=\"elementor-icon-list-text\"><strong>Representation before the tax office:<\/strong> We advocate for your interests.<\/span>\n\t\t\t\t\t\t\t\t\t<\/li>\n\t\t\t\t\t\t<\/ul>\n\t\t\t\t\t\t<\/div>\n\t\t\t\t<\/div>\n\t\t\t\t<\/div>\n\t\t\t\t<\/div>\n\t\t\t\t\t<\/div>\n\t\t\t\t<\/div>\n\t\t\t\t<\/div>\n\t\t<div class=\"elementor-element elementor-element-680b2a6 e-con-full e-flex e-con e-parent\" data-id=\"680b2a6\" data-element_type=\"container\" data-e-type=\"container\">\n\t\t<div class=\"elementor-element elementor-element-26a6460 e-flex e-con-boxed e-con e-child\" data-id=\"26a6460\" data-element_type=\"container\" data-e-type=\"container\" data-settings=\"{&quot;background_background&quot;:&quot;classic&quot;}\">\n\t\t\t\t\t<div class=\"e-con-inner\">\n\t\t<div class=\"elementor-element elementor-element-ed9bcce e-con-full e-flex e-con e-child\" data-id=\"ed9bcce\" data-element_type=\"container\" data-e-type=\"container\" data-settings=\"{&quot;background_background&quot;:&quot;classic&quot;}\">\n\t\t\t\t<div class=\"elementor-element elementor-element-df26062 elementor-widget elementor-widget-heading\" data-id=\"df26062\" data-element_type=\"widget\" data-e-type=\"widget\" data-widget_type=\"heading.default\">\n\t\t\t\t<div class=\"elementor-widget-container\">\n\t\t\t\t\t<h2 class=\"elementor-heading-title elementor-size-default\">Interested?<\/h2>\t\t\t\t<\/div>\n\t\t\t\t<\/div>\n\t\t\t\t<div class=\"elementor-element elementor-element-4f03211 elementor-widget elementor-widget-heading\" data-id=\"4f03211\" data-element_type=\"widget\" data-e-type=\"widget\" data-widget_type=\"heading.default\">\n\t\t\t\t<div class=\"elementor-widget-container\">\n\t\t\t\t\t<h3 class=\"elementor-heading-title elementor-size-default\">Contact us \u2013 we look forward to solving your tax questions together!<\/h3>\t\t\t\t<\/div>\n\t\t\t\t<\/div>\n\t\t<div class=\"elementor-element elementor-element-d49e99b e-con-full e-flex e-con e-child\" data-id=\"d49e99b\" data-element_type=\"container\" data-e-type=\"container\">\n\t\t\t\t<div class=\"elementor-element elementor-element-54f324f elementor-mobile-align-justify elementor-widget-mobile__width-inherit elementor-widget elementor-widget-button\" data-id=\"54f324f\" data-element_type=\"widget\" data-e-type=\"widget\" data-widget_type=\"button.default\">\n\t\t\t\t<div class=\"elementor-widget-container\">\n\t\t\t\t\t\t\t\t\t<div class=\"elementor-button-wrapper\">\n\t\t\t\t\t<a class=\"elementor-button elementor-button-link elementor-size-sm\" href=\"tel:+41443030180\">\n\t\t\t\t\t\t<span class=\"elementor-button-content-wrapper\">\n\t\t\t\t\t\t\t\t\t<span class=\"elementor-button-text\">+41 44 303 01 80<\/span>\n\t\t\t\t\t<\/span>\n\t\t\t\t\t<\/a>\n\t\t\t\t<\/div>\n\t\t\t\t\t\t\t\t<\/div>\n\t\t\t\t<\/div>\n\t\t\t\t<div class=\"elementor-element elementor-element-d5b0e0a elementor-mobile-align-justify elementor-widget-mobile__width-inherit elementor-widget elementor-widget-button\" data-id=\"d5b0e0a\" data-element_type=\"widget\" data-e-type=\"widget\" data-widget_type=\"button.default\">\n\t\t\t\t<div class=\"elementor-widget-container\">\n\t\t\t\t\t\t\t\t\t<div class=\"elementor-button-wrapper\">\n\t\t\t\t\t<a class=\"elementor-button elementor-button-link elementor-size-sm\" href=\"mailto:info@protectreuhand.ch\">\n\t\t\t\t\t\t<span class=\"elementor-button-content-wrapper\">\n\t\t\t\t\t\t\t\t\t<span class=\"elementor-button-text\">Contact<\/span>\n\t\t\t\t\t<\/span>\n\t\t\t\t\t<\/a>\n\t\t\t\t<\/div>\n\t\t\t\t\t\t\t\t<\/div>\n\t\t\t\t<\/div>\n\t\t\t\t<\/div>\n\t\t\t\t<\/div>\n\t\t\t\t\t<\/div>\n\t\t\t\t<\/div>\n\t\t\t\t<\/div>\n\t\t\t\t<\/div>","protected":false},"excerpt":{"rendered":"<p>Steuern? Kein Problem \u2013 wir \u00fcbernehmen alles, von der Steuererkl\u00e4rung bis zum Rekurs Das Ausf\u00fcllen der Steuererkl\u00e4rung kostet nicht nur Zeit, sondern erfordert auch umfangreiches Fachwissen. Besonders nach dem Erwerb einer Immobilie oder beim Schritt in die Selbst\u00e4ndigkeit stellen sich oft Fragen: Welche Abz\u00fcge sind m\u00f6glich? Wo k\u00f6nnen diese geltend gemacht werden? Die Antwort darauf [&hellip;]<\/p>\n","protected":false},"author":1,"featured_media":0,"parent":0,"menu_order":0,"comment_status":"closed","ping_status":"closed","template":"elementor_header_footer","meta":{"site-sidebar-layout":"no-sidebar","site-content-layout":"page-builder","ast-site-content-layout":"full-width-container","site-content-style":"unboxed","site-sidebar-style":"unboxed","ast-global-header-display":"","ast-banner-title-visibility":"","ast-main-header-display":"","ast-hfb-above-header-display":"","ast-hfb-below-header-display":"","ast-hfb-mobile-header-display":"","site-post-title":"disabled","ast-breadcrumbs-content":"","ast-featured-img":"disabled","footer-sml-layout":"","ast-disable-related-posts":"","theme-transparent-header-meta":"default","adv-header-id-meta":"","stick-header-meta":"","header-above-stick-meta":"","header-main-stick-meta":"","header-below-stick-meta":"","astra-migrate-meta-layouts":"set","ast-page-background-enabled":"default","ast-page-background-meta":{"desktop":{"background-color":"var(--ast-global-color-4)","background-image":"","background-repeat":"repeat","background-position":"center center","background-size":"auto","background-attachment":"scroll","background-type":"","background-media":"","overlay-type":"","overlay-color":"","overlay-opacity":"","overlay-gradient":""},"tablet":{"background-color":"","background-image":"","background-repeat":"repeat","background-position":"center center","background-size":"auto","background-attachment":"scroll","background-type":"","background-media":"","overlay-type":"","overlay-color":"","overlay-opacity":"","overlay-gradient":""},"mobile":{"background-color":"","background-image":"","background-repeat":"repeat","background-position":"center center","background-size":"auto","background-attachment":"scroll","background-type":"","background-media":"","overlay-type":"","overlay-color":"","overlay-opacity":"","overlay-gradient":""}},"ast-content-background-meta":{"desktop":{"background-color":"var(--ast-global-color-5)","background-image":"","background-repeat":"repeat","background-position":"center center","background-size":"auto","background-attachment":"scroll","background-type":"","background-media":"","overlay-type":"","overlay-color":"","overlay-opacity":"","overlay-gradient":""},"tablet":{"background-color":"var(--ast-global-color-5)","background-image":"","background-repeat":"repeat","background-position":"center center","background-size":"auto","background-attachment":"scroll","background-type":"","background-media":"","overlay-type":"","overlay-color":"","overlay-opacity":"","overlay-gradient":""},"mobile":{"background-color":"var(--ast-global-color-5)","background-image":"","background-repeat":"repeat","background-position":"center center","background-size":"auto","background-attachment":"scroll","background-type":"","background-media":"","overlay-type":"","overlay-color":"","overlay-opacity":"","overlay-gradient":""}},"footnotes":""},"class_list":["post-2906","page","type-page","status-publish","hentry"],"yoast_head":"<!-- This site is optimized with the Yoast SEO plugin v27.4 - https:\/\/yoast.com\/product\/yoast-seo-wordpress\/ -->\n<title>Steuerberatung - Protec Treuhand<\/title>\n<meta name=\"robots\" content=\"index, follow, max-snippet:-1, max-image-preview:large, max-video-preview:-1\" \/>\n<link rel=\"canonical\" href=\"https:\/\/protectreuhand.ch\/en\/steuerberatung\/\" \/>\n<meta property=\"og:locale\" content=\"en_GB\" \/>\n<meta property=\"og:type\" content=\"article\" \/>\n<meta property=\"og:title\" content=\"Steuerberatung - Protec Treuhand\" \/>\n<meta property=\"og:description\" content=\"Steuern? Kein Problem \u2013 wir \u00fcbernehmen alles, von der Steuererkl\u00e4rung bis zum Rekurs Das Ausf\u00fcllen der Steuererkl\u00e4rung kostet nicht nur Zeit, sondern erfordert auch umfangreiches Fachwissen. Besonders nach dem Erwerb einer Immobilie oder beim Schritt in die Selbst\u00e4ndigkeit stellen sich oft Fragen: Welche Abz\u00fcge sind m\u00f6glich? Wo k\u00f6nnen diese geltend gemacht werden? Die Antwort darauf [&hellip;]\" \/>\n<meta property=\"og:url\" content=\"https:\/\/protectreuhand.ch\/en\/steuerberatung\/\" \/>\n<meta property=\"og:site_name\" content=\"Protec Treuhand\" \/>\n<meta property=\"article:modified_time\" content=\"2025-01-28T08:16:49+00:00\" \/>\n<meta name=\"twitter:card\" content=\"summary_large_image\" \/>\n<meta name=\"twitter:label1\" content=\"Estimated reading time\" \/>\n\t<meta name=\"twitter:data1\" content=\"1 minute\" \/>\n<script type=\"application\/ld+json\" class=\"yoast-schema-graph\">{\"@context\":\"https:\\\/\\\/schema.org\",\"@graph\":[{\"@type\":\"WebPage\",\"@id\":\"https:\\\/\\\/protectreuhand.ch\\\/steuerberatung\\\/\",\"url\":\"https:\\\/\\\/protectreuhand.ch\\\/steuerberatung\\\/\",\"name\":\"Steuerberatung - Protec Treuhand\",\"isPartOf\":{\"@id\":\"https:\\\/\\\/protectreuhand.ch\\\/#website\"},\"datePublished\":\"2025-01-10T13:28:19+00:00\",\"dateModified\":\"2025-01-28T08:16:49+00:00\",\"breadcrumb\":{\"@id\":\"https:\\\/\\\/protectreuhand.ch\\\/steuerberatung\\\/#breadcrumb\"},\"inLanguage\":\"en-GB\",\"potentialAction\":[{\"@type\":\"ReadAction\",\"target\":[\"https:\\\/\\\/protectreuhand.ch\\\/steuerberatung\\\/\"]}]},{\"@type\":\"BreadcrumbList\",\"@id\":\"https:\\\/\\\/protectreuhand.ch\\\/steuerberatung\\\/#breadcrumb\",\"itemListElement\":[{\"@type\":\"ListItem\",\"position\":1,\"name\":\"Startseite\",\"item\":\"https:\\\/\\\/protectreuhand.ch\\\/\"},{\"@type\":\"ListItem\",\"position\":2,\"name\":\"Steuerberatung\"}]},{\"@type\":\"WebSite\",\"@id\":\"https:\\\/\\\/protectreuhand.ch\\\/#website\",\"url\":\"https:\\\/\\\/protectreuhand.ch\\\/\",\"name\":\"Protec Treuhand\",\"description\":\"Ihr Treuhandb\u00fcro in Z\u00fcrich Nord\",\"potentialAction\":[{\"@type\":\"SearchAction\",\"target\":{\"@type\":\"EntryPoint\",\"urlTemplate\":\"https:\\\/\\\/protectreuhand.ch\\\/?s={search_term_string}\"},\"query-input\":{\"@type\":\"PropertyValueSpecification\",\"valueRequired\":true,\"valueName\":\"search_term_string\"}}],\"inLanguage\":\"en-GB\"}]}<\/script>\n<!-- \/ Yoast SEO plugin. -->","yoast_head_json":{"title":"Steuerberatung - Protec Treuhand","robots":{"index":"index","follow":"follow","max-snippet":"max-snippet:-1","max-image-preview":"max-image-preview:large","max-video-preview":"max-video-preview:-1"},"canonical":"https:\/\/protectreuhand.ch\/en\/steuerberatung\/","og_locale":"en_GB","og_type":"article","og_title":"Steuerberatung - Protec Treuhand","og_description":"Steuern? Kein Problem \u2013 wir \u00fcbernehmen alles, von der Steuererkl\u00e4rung bis zum Rekurs Das Ausf\u00fcllen der Steuererkl\u00e4rung kostet nicht nur Zeit, sondern erfordert auch umfangreiches Fachwissen. Besonders nach dem Erwerb einer Immobilie oder beim Schritt in die Selbst\u00e4ndigkeit stellen sich oft Fragen: Welche Abz\u00fcge sind m\u00f6glich? Wo k\u00f6nnen diese geltend gemacht werden? Die Antwort darauf [&hellip;]","og_url":"https:\/\/protectreuhand.ch\/en\/steuerberatung\/","og_site_name":"Protec Treuhand","article_modified_time":"2025-01-28T08:16:49+00:00","twitter_card":"summary_large_image","twitter_misc":{"Estimated reading time":"1 minute"},"schema":{"@context":"https:\/\/schema.org","@graph":[{"@type":"WebPage","@id":"https:\/\/protectreuhand.ch\/steuerberatung\/","url":"https:\/\/protectreuhand.ch\/steuerberatung\/","name":"Steuerberatung - Protec Treuhand","isPartOf":{"@id":"https:\/\/protectreuhand.ch\/#website"},"datePublished":"2025-01-10T13:28:19+00:00","dateModified":"2025-01-28T08:16:49+00:00","breadcrumb":{"@id":"https:\/\/protectreuhand.ch\/steuerberatung\/#breadcrumb"},"inLanguage":"en-GB","potentialAction":[{"@type":"ReadAction","target":["https:\/\/protectreuhand.ch\/steuerberatung\/"]}]},{"@type":"BreadcrumbList","@id":"https:\/\/protectreuhand.ch\/steuerberatung\/#breadcrumb","itemListElement":[{"@type":"ListItem","position":1,"name":"Startseite","item":"https:\/\/protectreuhand.ch\/"},{"@type":"ListItem","position":2,"name":"Steuerberatung"}]},{"@type":"WebSite","@id":"https:\/\/protectreuhand.ch\/#website","url":"https:\/\/protectreuhand.ch\/","name":"Protec Treuhand","description":"Your Fiduciary Office in Zurich North","potentialAction":[{"@type":"SearchAction","target":{"@type":"EntryPoint","urlTemplate":"https:\/\/protectreuhand.ch\/?s={search_term_string}"},"query-input":{"@type":"PropertyValueSpecification","valueRequired":true,"valueName":"search_term_string"}}],"inLanguage":"en-GB"}]}},"_links":{"self":[{"href":"https:\/\/protectreuhand.ch\/en\/wp-json\/wp\/v2\/pages\/2906","targetHints":{"allow":["GET"]}}],"collection":[{"href":"https:\/\/protectreuhand.ch\/en\/wp-json\/wp\/v2\/pages"}],"about":[{"href":"https:\/\/protectreuhand.ch\/en\/wp-json\/wp\/v2\/types\/page"}],"author":[{"embeddable":true,"href":"https:\/\/protectreuhand.ch\/en\/wp-json\/wp\/v2\/users\/1"}],"replies":[{"embeddable":true,"href":"https:\/\/protectreuhand.ch\/en\/wp-json\/wp\/v2\/comments?post=2906"}],"version-history":[{"count":0,"href":"https:\/\/protectreuhand.ch\/en\/wp-json\/wp\/v2\/pages\/2906\/revisions"}],"wp:attachment":[{"href":"https:\/\/protectreuhand.ch\/en\/wp-json\/wp\/v2\/media?parent=2906"}],"curies":[{"name":"wp","href":"https:\/\/api.w.org\/{rel}","templated":true}]}}